{"id":33,"date":"2023-11-28T09:46:54","date_gmt":"2023-11-28T09:46:54","guid":{"rendered":"http:\/\/td_uid_2_59525df00c5c3"},"modified":"2023-11-28T09:46:54","modified_gmt":"2023-11-28T09:46:54","slug":"about","status":"publish","type":"page","link":"https:\/\/nomade-digital.fr\/index.php\/about\/","title":{"rendered":"About"},"content":{"rendered":"<div class=\"wpb-content-wrapper\"><div id=\"tdi_1\" class=\"tdc-row\"><div class=\"vc_row tdi_2  wpb_row td-pb-row\" >\n<style scoped>\n\/* custom css - generated by TagDiv Composer *\/\n\n\/* custom css - generated by TagDiv Composer *\/\n.tdi_2,\r\n                .tdi_2 .tdc-columns{\r\n                    min-height: 0;\r\n                }.tdi_2,\r\n\t\t\t\t.tdi_2 .tdc-columns{\r\n\t\t\t\t    display: block;\r\n\t\t\t\t}.tdi_2 .tdc-columns{\r\n\t\t\t\t    width: 100%;\r\n\t\t\t\t}.tdi_2:before,\r\n\t\t\t\t.tdi_2:after{\r\n\t\t\t\t    display: table;\r\n\t\t\t\t}\n<\/style><div class=\"vc_column tdi_4  wpb_column vc_column_container tdc-column td-pb-span12\">\n<style scoped>\n\/* custom css - generated by TagDiv Composer *\/\n\n\/* custom css - generated by TagDiv Composer *\/\n.tdi_4{\r\n                    vertical-align: baseline;\r\n                }.tdi_4 > .wpb_wrapper,\r\n\t\t\t\t.tdi_4 > .wpb_wrapper > .tdc-elements{\r\n\t\t\t\t    display: block;\r\n\t\t\t\t}.tdi_4 > .wpb_wrapper > .tdc-elements{\r\n\t\t\t\t    width: 100%;\r\n\t\t\t\t}.tdi_4 > .wpb_wrapper > .vc_row_inner{\r\n\t\t\t\t    width: auto;\r\n\t\t\t\t}.tdi_4 > .wpb_wrapper{\r\n\t\t\t\t    width: auto;\r\n\t\t\t\t    height: auto;\r\n\t\t\t\t}\n<\/style><div class=\"wpb_wrapper\" >[vc_single_image image=\u00a0\u00bb187&Prime; img_size=\u00a0\u00bbfull\u00a0\u00bb alignment=\u00a0\u00bb\u00a0\u00bb height=\u00a0\u00bb450&Prime;][vc_column_text]Mon nom est Benjamin Ferreol, je suis cr\u00e9atif ind\u00e9pendant depuis 2006 et nomade digital depuis quelques ann\u00e9es.La meilleure d\u00e9cision de ma vie fut de tout plaquer pour travailler en voyageant, et voyager en travaillant !Le but de ce site est de vous inspirer \u00e0 faire la m\u00eame chose, de vous aiguiller, et vous accompagner dans ce changement de vie.[\/vc_column_text]<\/div><\/div><\/div><\/div><\/div>","protected":false},"excerpt":{"rendered":"[vc_single_image image=\"187\" img_size=\"full\" alignment=\"\" height=\"450\"][vc_column_text]Mon nom est Benjamin Ferreol, je suis cr\u00e9atif ind\u00e9pendant depuis 2006 et nomade digital depuis quelques ann\u00e9es.La meilleure d\u00e9cision de ma vie fut de tout plaquer pour travailler en voyageant, et voyager en travaillant !Le but de ce site est de vous inspirer \u00e0 faire la m\u00eame chose, de vous aiguiller, [...]","protected":false},"author":1,"featured_media":0,"parent":0,"menu_order":3,"comment_status":"open","ping_status":"closed","template":"","meta":{"footnotes":""},"class_list":["post-33","page","type-page","status-publish"],"_links":{"self":[{"href":"https:\/\/nomade-digital.fr\/index.php\/wp-json\/wp\/v2\/pages\/33","targetHints":{"allow":["GET"]}}],"collection":[{"href":"https:\/\/nomade-digital.fr\/index.php\/wp-json\/wp\/v2\/pages"}],"about":[{"href":"https:\/\/nomade-digital.fr\/index.php\/wp-json\/wp\/v2\/types\/page"}],"author":[{"embeddable":true,"href":"https:\/\/nomade-digital.fr\/index.php\/wp-json\/wp\/v2\/users\/1"}],"replies":[{"embeddable":true,"href":"https:\/\/nomade-digital.fr\/index.php\/wp-json\/wp\/v2\/comments?post=33"}],"version-history":[{"count":1,"href":"https:\/\/nomade-digital.fr\/index.php\/wp-json\/wp\/v2\/pages\/33\/revisions"}],"predecessor-version":[{"id":974,"href":"https:\/\/nomade-digital.fr\/index.php\/wp-json\/wp\/v2\/pages\/33\/revisions\/974"}],"wp:attachment":[{"href":"https:\/\/nomade-digital.fr\/index.php\/wp-json\/wp\/v2\/media?parent=33"}],"curies":[{"name":"wp","href":"https:\/\/api.w.org\/{rel}","templated":true}]}}